{"id":2783,"date":"2026-04-07T11:53:50","date_gmt":"2026-04-07T11:53:50","guid":{"rendered":"https:\/\/lesptyfils.fr\/?post_type=product&#038;p=2783"},"modified":"2026-04-07T12:03:16","modified_gmt":"2026-04-07T12:03:16","slug":"porte-monnaie","status":"publish","type":"product","link":"https:\/\/lesptyfils.fr\/?product=porte-monnaie","title":{"rendered":"Porte monnaie"},"content":{"rendered":"<p data-start=\"120\" data-end=\"364\">Que ce soit pour une utilisation quotidienne ou lors de d\u00e9placements, ce petit porte-monnaie s\u2019adapte \u00e0 tous les besoins. Son format compact permet de garder l\u2019essentiel \u00e0 port\u00e9e de main, tout en se glissant facilement dans un sac ou une poche.<\/p>\n<p data-start=\"366\" data-end=\"541\">Parfait pour celles qui appr\u00e9cient autant la praticit\u00e9 que l\u2019esth\u00e9tique, il permet de ranger pi\u00e8ces, billets ou petits essentiels du quotidien avec simplicit\u00e9 et organisation.<\/p>\n<p data-start=\"543\" data-end=\"720\">Son design sobre et moderne, sublim\u00e9 par l\u2019inscription <strong data-start=\"598\" data-end=\"619\">\u00ab maman d\u2019amour \u00bb<\/strong>, en fait un accessoire \u00e0 la fois \u00e9l\u00e9gant et plein de tendresse, facile \u00e0 assortir \u00e0 tous les styles.<\/p>\n<p data-start=\"722\" data-end=\"882\">\u00c0 l\u2019occasion de la F\u00eate des M\u00e8res, il constitue une attention d\u00e9licate et utile, id\u00e9ale pour offrir un cadeau \u00e0 la fois pratique, personnel et charg\u00e9 d\u2019\u00e9motion.<\/p>\n<p><span style=\"text-decoration: underline; color: #6b8f67;\">Dimensions : <\/span><\/p>\n<ul>\n<li>L 13 x H 9 \u00a0x P 1 cm<\/li>\n<\/ul>\n<p data-start=\"684\" data-end=\"829\"><img loading=\"lazy\" decoding=\"async\" class=\"aligncenter wp-image-2421 size-large\" src=\"https:\/\/lesptyfils.fr\/wp-content\/uploads\/2026\/01\/DELAI-DE-FABRICATION-1024x455.png\" alt=\"\" width=\"1024\" height=\"455\" srcset=\"https:\/\/lesptyfils.fr\/wp-content\/uploads\/2026\/01\/DELAI-DE-FABRICATION-1024x455.png 1024w, https:\/\/lesptyfils.fr\/wp-content\/uploads\/2026\/01\/DELAI-DE-FABRICATION-300x133.png 300w, https:\/\/lesptyfils.fr\/wp-content\/uploads\/2026\/01\/DELAI-DE-FABRICATION-768x341.png 768w, https:\/\/lesptyfils.fr\/wp-content\/uploads\/2026\/01\/DELAI-DE-FABRICATION-1536x683.png 1536w, https:\/\/lesptyfils.fr\/wp-content\/uploads\/2026\/01\/DELAI-DE-FABRICATION-1140x507.png 1140w, https:\/\/lesptyfils.fr\/wp-content\/uploads\/2026\/01\/DELAI-DE-FABRICATION-920x409.png 920w, https:\/\/lesptyfils.fr\/wp-content\/uploads\/2026\/01\/DELAI-DE-FABRICATION-575x256.png 575w, https:\/\/lesptyfils.fr\/wp-content\/uploads\/2026\/01\/DELAI-DE-FABRICATION-380x169.png 380w, https:\/\/lesptyfils.fr\/wp-content\/uploads\/2026\/01\/DELAI-DE-FABRICATION-800x356.png 800w, https:\/\/lesptyfils.fr\/wp-content\/uploads\/2026\/01\/DELAI-DE-FABRICATION.png 2000w\" sizes=\"auto, (max-width: 1024px) 100vw, 1024px\" \/><\/p>\n","protected":false},"excerpt":{"rendered":"<p>Que ce soit pour une utilisation quotidienne ou lors de d\u00e9placements, ce petit porte-monnaie s\u2019adapte \u00e0 tous les besoins. Son format compact permet de garder l\u2019essentiel \u00e0 port\u00e9e de main, tout en se glissant facilement dans un sac ou une poche. Parfait pour celles qui appr\u00e9cient autant la praticit\u00e9 que l\u2019esth\u00e9tique, il permet de ranger pi\u00e8ces, billets ou petits essentiels du quotidien avec simplicit\u00e9 et organisation. Son design sobre et moderne, sublim\u00e9 par l\u2019inscription \u00ab maman d\u2019amour \u00bb, en fait un accessoire \u00e0 la fois \u00e9l\u00e9gant et plein de tendresse, facile \u00e0 assortir \u00e0 tous les styles. \u00c0 l\u2019occasion de la F\u00eate des M\u00e8res, il constitue une attention d\u00e9licate et utile, id\u00e9ale pour offrir un cadeau \u00e0 la fois pratique, [&hellip;]<\/p>\n","protected":false},"featured_media":2779,"template":"","meta":{"om_disable_all_campaigns":false,"_monsterinsights_skip_tracking":false,"_monsterinsights_sitenote_active":false,"_monsterinsights_sitenote_note":"","_monsterinsights_sitenote_category":0,"_glsr_average":0,"_glsr_ranking":0,"_glsr_reviews":0},"product_brand":[],"product_cat":[165],"product_tag":[],"class_list":{"0":"post-2783","1":"product","2":"type-product","3":"status-publish","4":"has-post-thumbnail","6":"product_cat-collection-fete-des-meres","8":"first","9":"instock","10":"shipping-taxable","11":"purchasable","12":"product-type-simple"},"aioseo_notices":[],"jetpack_sharing_enabled":true,"_links":{"self":[{"href":"https:\/\/lesptyfils.fr\/index.php?rest_route=\/wp\/v2\/product\/2783","targetHints":{"allow":["GET"]}}],"collection":[{"href":"https:\/\/lesptyfils.fr\/index.php?rest_route=\/wp\/v2\/product"}],"about":[{"href":"https:\/\/lesptyfils.fr\/index.php?rest_route=\/wp\/v2\/types\/product"}],"wp:featuredmedia":[{"embeddable":true,"href":"https:\/\/lesptyfils.fr\/index.php?rest_route=\/wp\/v2\/media\/2779"}],"wp:attachment":[{"href":"https:\/\/lesptyfils.fr\/index.php?rest_route=%2Fwp%2Fv2%2Fmedia&parent=2783"}],"wp:term":[{"taxonomy":"product_brand","embeddable":true,"href":"https:\/\/lesptyfils.fr\/index.php?rest_route=%2Fwp%2Fv2%2Fproduct_brand&post=2783"},{"taxonomy":"product_cat","embeddable":true,"href":"https:\/\/lesptyfils.fr\/index.php?rest_route=%2Fwp%2Fv2%2Fproduct_cat&post=2783"},{"taxonomy":"product_tag","embeddable":true,"href":"https:\/\/lesptyfils.fr\/index.php?rest_route=%2Fwp%2Fv2%2Fproduct_tag&post=2783"}],"curies":[{"name":"wp","href":"https:\/\/api.w.org\/{rel}","templated":true}]}}