{"id":2588,"date":"2026-03-03T10:39:39","date_gmt":"2026-03-03T10:39:39","guid":{"rendered":"https:\/\/lesptyfils.fr\/?post_type=product&#038;p=2588"},"modified":"2026-03-05T11:12:30","modified_gmt":"2026-03-05T11:12:30","slug":"sac-banane-velour-marron","status":"publish","type":"product","link":"https:\/\/lesptyfils.fr\/?product=sac-banane-velour-marron","title":{"rendered":"Sac banane &#8211; Velour Marron"},"content":{"rendered":"<p>Le sac banane est le compagnon id\u00e9al pour les femmes actives et \u00e0 la mode.<\/p>\n<p>Avec sa polyvalence, ce sac banane est parfait pour toutes les occasions, que ce soit pour aller travailler, voyager ou sortie de tous les jours.<\/p>\n<p><span style=\"text-decoration: underline; color: #6b8f67;\">Dimensions :<\/span><\/p>\n<ul>\n<li>33 x 15 cm<\/li>\n<\/ul>\n<p><span style=\"text-decoration: underline; color: #6b8f67;\">Mati\u00e8re :<\/span><\/p>\n<ul>\n<li>imprim\u00e9 : 100 % coton<\/li>\n<li>velours c\u00f4tel\u00e9 : 92% polyester, 8% nylon<\/li>\n<\/ul>\n<p><img loading=\"lazy\" decoding=\"async\" class=\"aligncenter wp-image-2421 size-large\" src=\"https:\/\/lesptyfils.fr\/wp-content\/uploads\/2026\/01\/DELAI-DE-FABRICATION-1024x455.png\" alt=\"\" width=\"1024\" height=\"455\" srcset=\"https:\/\/lesptyfils.fr\/wp-content\/uploads\/2026\/01\/DELAI-DE-FABRICATION-1024x455.png 1024w, https:\/\/lesptyfils.fr\/wp-content\/uploads\/2026\/01\/DELAI-DE-FABRICATION-300x133.png 300w, https:\/\/lesptyfils.fr\/wp-content\/uploads\/2026\/01\/DELAI-DE-FABRICATION-768x341.png 768w, https:\/\/lesptyfils.fr\/wp-content\/uploads\/2026\/01\/DELAI-DE-FABRICATION-1536x683.png 1536w, https:\/\/lesptyfils.fr\/wp-content\/uploads\/2026\/01\/DELAI-DE-FABRICATION-1140x507.png 1140w, https:\/\/lesptyfils.fr\/wp-content\/uploads\/2026\/01\/DELAI-DE-FABRICATION-920x409.png 920w, https:\/\/lesptyfils.fr\/wp-content\/uploads\/2026\/01\/DELAI-DE-FABRICATION-575x256.png 575w, https:\/\/lesptyfils.fr\/wp-content\/uploads\/2026\/01\/DELAI-DE-FABRICATION-380x169.png 380w, https:\/\/lesptyfils.fr\/wp-content\/uploads\/2026\/01\/DELAI-DE-FABRICATION-800x356.png 800w, https:\/\/lesptyfils.fr\/wp-content\/uploads\/2026\/01\/DELAI-DE-FABRICATION.png 2000w\" sizes=\"auto, (max-width: 1024px) 100vw, 1024px\" \/><\/p>\n","protected":false},"excerpt":{"rendered":"<p>Le sac banane est le compagnon id\u00e9al pour les femmes actives et \u00e0 la mode. Avec sa polyvalence, ce sac banane est parfait pour toutes les occasions, que ce soit pour aller travailler, voyager ou sortie de tous les jours. Dimensions : 33 x 15 cm Mati\u00e8re : imprim\u00e9 : 100 % coton velours c\u00f4tel\u00e9 : 92% polyester, 8% nylon<\/p>\n","protected":false},"featured_media":2580,"template":"","meta":{"om_disable_all_campaigns":false,"_monsterinsights_skip_tracking":false,"_monsterinsights_sitenote_active":false,"_monsterinsights_sitenote_note":"","_monsterinsights_sitenote_category":0,"_glsr_average":0,"_glsr_ranking":0,"_glsr_reviews":0},"product_brand":[],"product_cat":[140],"product_tag":[],"class_list":{"0":"post-2588","1":"product","2":"type-product","3":"status-publish","4":"has-post-thumbnail","6":"product_cat-sacs-bananes","8":"first","9":"instock","10":"shipping-taxable","11":"purchasable","12":"product-type-simple"},"aioseo_notices":[],"jetpack_sharing_enabled":true,"_links":{"self":[{"href":"https:\/\/lesptyfils.fr\/index.php?rest_route=\/wp\/v2\/product\/2588","targetHints":{"allow":["GET"]}}],"collection":[{"href":"https:\/\/lesptyfils.fr\/index.php?rest_route=\/wp\/v2\/product"}],"about":[{"href":"https:\/\/lesptyfils.fr\/index.php?rest_route=\/wp\/v2\/types\/product"}],"wp:featuredmedia":[{"embeddable":true,"href":"https:\/\/lesptyfils.fr\/index.php?rest_route=\/wp\/v2\/media\/2580"}],"wp:attachment":[{"href":"https:\/\/lesptyfils.fr\/index.php?rest_route=%2Fwp%2Fv2%2Fmedia&parent=2588"}],"wp:term":[{"taxonomy":"product_brand","embeddable":true,"href":"https:\/\/lesptyfils.fr\/index.php?rest_route=%2Fwp%2Fv2%2Fproduct_brand&post=2588"},{"taxonomy":"product_cat","embeddable":true,"href":"https:\/\/lesptyfils.fr\/index.php?rest_route=%2Fwp%2Fv2%2Fproduct_cat&post=2588"},{"taxonomy":"product_tag","embeddable":true,"href":"https:\/\/lesptyfils.fr\/index.php?rest_route=%2Fwp%2Fv2%2Fproduct_tag&post=2588"}],"curies":[{"name":"wp","href":"https:\/\/api.w.org\/{rel}","templated":true}]}}