{"id":1677,"date":"2024-01-26T09:54:21","date_gmt":"2024-01-26T09:54:21","guid":{"rendered":"https:\/\/lesptyfils.fr\/?post_type=product&#038;p=1677"},"modified":"2025-08-29T13:11:52","modified_gmt":"2025-08-29T13:11:52","slug":"sac-banane-marron","status":"publish","type":"product","link":"https:\/\/lesptyfils.fr\/?product=sac-banane-marron","title":{"rendered":"Sac banane &#8211; Marron"},"content":{"rendered":"<p>Le sac banane est le compagnon id\u00e9al pour les femmes actives et \u00e0 la mode.<\/p>\n<p>Avec sa polyvalence, ce sac banane est parfait pour toutes les occasions, que ce soit pour aller travailler, voyager ou sortie de tous les jours.<\/p>\n<p><span style=\"text-decoration: underline; color: #6b8f67;\">Dimensions :<\/span><\/p>\n<ul>\n<li>33 x 15 cm<\/li>\n<\/ul>\n<p><span style=\"text-decoration: underline; color: #6b8f67;\">Mati\u00e8re :<\/span><\/p>\n<ul>\n<li>uni, tissu fausse fourrure mouton : 100% polyester<\/li>\n<li>imprim\u00e9 : 100% coton<\/li>\n<\/ul>\n<p><span style=\"text-decoration: underline; color: #6b8f67;\">Entretien :<\/span><\/p>\n<ul>\n<li>Lavage en machine \u00e0 30\u00b0<\/li>\n<li>S\u00e8che \u00e0 l&rsquo;air libre<\/li>\n<\/ul>\n","protected":false},"excerpt":{"rendered":"<p>Le sac banane est le compagnon id\u00e9al pour les femmes actives et \u00e0 la mode. Avec sa polyvalence, ce sac banane est parfait pour toutes les occasions, que ce soit pour aller travailler, voyager ou sortie de tous les jours. Dimensions : 33 x 15 cm Mati\u00e8re : uni, tissu fausse fourrure mouton : 100% polyester imprim\u00e9 : 100% coton Entretien : Lavage en machine \u00e0 30\u00b0 S\u00e8che \u00e0 l&rsquo;air libre<\/p>\n","protected":false},"featured_media":1776,"template":"","meta":{"om_disable_all_campaigns":false,"_monsterinsights_skip_tracking":false,"_monsterinsights_sitenote_active":false,"_monsterinsights_sitenote_note":"","_monsterinsights_sitenote_category":0,"_glsr_average":0,"_glsr_ranking":0,"_glsr_reviews":0},"product_brand":[],"product_cat":[140],"product_tag":[],"class_list":{"0":"post-1677","1":"product","2":"type-product","3":"status-publish","4":"has-post-thumbnail","6":"product_cat-sacs-bananes","8":"first","9":"instock","10":"shipping-taxable","11":"purchasable","12":"product-type-simple"},"aioseo_notices":[],"jetpack_sharing_enabled":true,"_links":{"self":[{"href":"https:\/\/lesptyfils.fr\/index.php?rest_route=\/wp\/v2\/product\/1677","targetHints":{"allow":["GET"]}}],"collection":[{"href":"https:\/\/lesptyfils.fr\/index.php?rest_route=\/wp\/v2\/product"}],"about":[{"href":"https:\/\/lesptyfils.fr\/index.php?rest_route=\/wp\/v2\/types\/product"}],"wp:featuredmedia":[{"embeddable":true,"href":"https:\/\/lesptyfils.fr\/index.php?rest_route=\/wp\/v2\/media\/1776"}],"wp:attachment":[{"href":"https:\/\/lesptyfils.fr\/index.php?rest_route=%2Fwp%2Fv2%2Fmedia&parent=1677"}],"wp:term":[{"taxonomy":"product_brand","embeddable":true,"href":"https:\/\/lesptyfils.fr\/index.php?rest_route=%2Fwp%2Fv2%2Fproduct_brand&post=1677"},{"taxonomy":"product_cat","embeddable":true,"href":"https:\/\/lesptyfils.fr\/index.php?rest_route=%2Fwp%2Fv2%2Fproduct_cat&post=1677"},{"taxonomy":"product_tag","embeddable":true,"href":"https:\/\/lesptyfils.fr\/index.php?rest_route=%2Fwp%2Fv2%2Fproduct_tag&post=1677"}],"curies":[{"name":"wp","href":"https:\/\/api.w.org\/{rel}","templated":true}]}}